{"id":23,"date":"2017-06-07T07:38:50","date_gmt":"2017-06-07T07:38:50","guid":{"rendered":"http:\/\/nuriagomezgabriel.net\/?page_id=23"},"modified":"2026-01-29T21:28:42","modified_gmt":"2026-01-29T21:28:42","slug":"info","status":"publish","type":"page","link":"https:\/\/nuriagomezgabriel.net\/index.php\/info\/","title":{"rendered":"INFO"},"content":{"rendered":"<p><img loading=\"lazy\" decoding=\"async\" class=\"alignnone wp-image-2525\" src=\"http:\/\/nuriagomezgabriel.net\/wp-content\/uploads\/2021\/11\/n-300x300.png\" alt=\"\" width=\"115\" height=\"115\" srcset=\"https:\/\/nuriagomezgabriel.net\/wp-content\/uploads\/2021\/11\/n-300x300.png 300w, https:\/\/nuriagomezgabriel.net\/wp-content\/uploads\/2021\/11\/n-150x150.png 150w, https:\/\/nuriagomezgabriel.net\/wp-content\/uploads\/2021\/11\/n-768x767.png 768w, https:\/\/nuriagomezgabriel.net\/wp-content\/uploads\/2021\/11\/n-365x365.png 365w, https:\/\/nuriagomezgabriel.net\/wp-content\/uploads\/2021\/11\/n.png 826w\" sizes=\"auto, (max-width: 115px) 100vw, 115px\" \/><\/p>\n<p><a href=\"http:\/\/nuriagomezgabriel.net\/wp-content\/uploads\/2025\/12\/CV-Diciembre2025-\u2728Nuria-Gomez-Gabriel.pdf\">CV<\/a>\u00a0 <a href=\"http:\/\/nuriagomezgabriel.net\/wp-content\/uploads\/2023\/12\/CLIPPING-INTERACTIVO_Traumacore.pdf\">CLIPPING<\/a><\/p>\n<p><a href=\"http:\/\/nuriagomezgabriel.net\/wp-content\/uploads\/2025\/01\/NU\u0301RIA-GO\u0301MEZ-GABRIEL_@DanielCao-scaled.jpg\">FOTO \ud83e\udd40 \u00a9Daniel Cao<\/a><\/p>\n<p><a style=\"font-size: 1.125rem;\" href=\"http:\/\/nuriagomezgabriel.net\/wp-content\/uploads\/2025\/12\/NuriaGomezGabriel-byn2h\u00a9LluisTudela.jpg\">FOTO \ud83e\udd40\ud83e\udd40 @Llu\u00edsTudela<\/a><\/p>\n<p><strong>Rese\u00f1a biobibliogr\u00e1fica <\/strong><\/p>\n<p>N\u00faria G\u00f3mez Gabriel (1987) es escritora, investigadora cultural y comisaria de arte contempor\u00e1neo. Su pr\u00e1ctica articula relaciones entre feminismo, espectralidad y paisajes afectivos del presente desde una mirada que combina pensamiento cr\u00edtico y sensibilidad po\u00e9tica. Es autora de los ensayos <em data-start=\"389\" data-end=\"405\">Love Me Tinder<\/em> (Temas de Hoy, 2019) y <em data-start=\"429\" data-end=\"480\">Traumacore. Cr\u00f3nicas de una disociaci\u00f3n feminista<\/em> (Cielo Santo, 2023). Ha escrito numerosos textos para cat\u00e1logos de artistas, instituciones y plataformas culturales, contribuyendo a diversos contextos expositivos y editoriales, y ha publicado ficci\u00f3n breve, entre la que destaca un relato incluido en la antolog\u00eda <em data-start=\"746\" data-end=\"761\">G\u00f3tico Divino<\/em> (Horror Vacui, 2025).<\/p>\n<p><strong>Nota biogr\u00e1fica<\/strong><\/p>\n<p>N\u00faria G\u00f3mez Gabriel (1987) es escritora, investigadora cultural y comisaria de arte contempor\u00e1neo. Doctora en Comunicaci\u00f3n por la Universidad Pompeu Fabra de Barcelona, obtuvo en 2023 el\u00a0XXI Premio Extraordinario de Doctorado\u00a0por su tesis\u00a0<em>Espectropol\u00edticas. Imagen y hauntolog\u00eda en las pr\u00e1cticas art\u00edsticas contempor\u00e1neas<\/em>\u00a0(2021). Su pr\u00e1ctica articula relaciones entre feminismo, espectralidad y paisajes afectivos del presente desde una mirada que combina pensamiento cr\u00edtico y sensibilidad po\u00e9tica.\u00a0Es docente en la Universidad Aut\u00f3noma de Barcelona (Escola Massana); BAU, Centro Universitario de Artes y Dise\u00f1o de Barcelona; y, en la Escuela Superior de Cine y Audiovisuales de Catalu\u00f1a (ESCAC), donde imparte docencia en el M\u00e1ster Universitario en Culturas Visuales, as\u00ed como en Grados de Arte y Dise\u00f1o, Bellas Artes y Dise\u00f1o de Moda.<\/p>\n<p>Es autora de los libros de ensayo\u00a0<em>Love Me Tinder<\/em>\u00a0(Temas de Hoy, 2019), <em>Estudios raros<\/em> (Hamaca, 2023) y\u00a0<em>Traumacore. Cr\u00f3nicas de una disociaci\u00f3n feminista<\/em>\u00a0(Cielo Santo, 2023), y ha publicado ficci\u00f3n breve, entre la que destacan <em>Ver\u00f3nica<\/em> (Ajuntament de Barcelona, 2023) y un relato incluido en la antolog\u00eda de cuentos\u00a0<em>G\u00f3tico Divino<\/em>\u00a0(Horror Vacui, 2025). Ha escrito numerosos textos para cat\u00e1logos de artistas, instituciones y plataformas culturales, y ha colaborado con medios como\u00a0TEXTE ZUR KUNST, El Pa\u00eds \/ S Moda, A*Desk Critical Thinking, Caja Negra Editorial, CCCBLAB Investigaci\u00f3n e Innovaci\u00f3n en Cultura, EXIT MEDIA, as\u00ed como con revistas acad\u00e9micas como\u00a0Teknokultura\u00a0(Universidad Complutense de Madrid) y\u00a0Contratexto\u00a0(Universidad de Lima).<\/p>\n<p>Su trabajo ha sido presentado y desarrollado en instituciones como el Museo Nacional Centro de Arte Reina Sof\u00eda, Museo de Arte Contempor\u00e1neo de Barcelona (MACBA), Centro de Cultura Contempor\u00e1nea de Barcelona (CCCB), La Casa Encendida, Hangar, Arts Santa M\u00f2nica, Fabra i Coats, TABAKALERA Centro Internacional de Cultura Contempor\u00e1nea, B\u00f2lit Centre d\u2019Art Contemporani y CA2M Museo Centro de Arte Dos de Mayo, entre otras. Ha participado tambi\u00e9n en festivales como FEMTEK. Pr\u00e1cticas Art\u00edsticas Contempor\u00e1neas. Feminismos y Tecnolog\u00eda, Kosmopolis. Festival de Literatura Amplificada y LOOP Barcelona.<\/p>\n<p>Ha formado parte de jurados de convocatorias y premios culturales como las Ayudas Injuve para la Creaci\u00f3n Joven, Hamaca Video-t Investigaci\u00f3n, Beca de Interactivos de Hangar, Residencias de Creaci\u00f3n del Centro de Danza La Caldera, Premi Miquel Casablancas y Premi Art Nou Primera Visi\u00f3. En 2021 recibi\u00f3 el premio IN\u00c9DITOS 2022 de La Casa Encendida por su propuesta curatorial <em>LAS MALAS<\/em>, y en 2023 obtuvo la Beca Barcelona Producci\u00f3 de La Capella de Barcelona con el proyecto expositivo\u00a0<em>\u00c1ngel Peligrosamente B\u00faho [duelos, espectros y materialidad<\/em>]. Actualmente trabaja en su primera novela por la cual es invitada a la Residencia Literaria Finestres y recibe la beca de creaci\u00f3n literaria Montserrat Roig 2025.<\/p>\n<p><a style=\"background-color: #000000; font-size: 1.125rem;\" href=\"mailto:ngomezgabriel@gmail.com\">email<\/a>\u00a0 \/\u00a0 <a href=\"https:\/\/www.instagram.com\/nuria_gomez_gabriel\/\">RRSS<\/a><\/p>\n<p><span style=\"font-size: 1.125rem;\">PR\u00d3XIMAS ACTIVIDADES<\/span><\/p>\n<p><img loading=\"lazy\" decoding=\"async\" class=\"alignnone size-medium wp-image-4651\" src=\"http:\/\/nuriagomezgabriel.net\/wp-content\/uploads\/2026\/01\/Captura-de-pantalla-2026-01-29-a-las-21.48.34-300x230.png\" alt=\"\" width=\"300\" height=\"230\" srcset=\"https:\/\/nuriagomezgabriel.net\/wp-content\/uploads\/2026\/01\/Captura-de-pantalla-2026-01-29-a-las-21.48.34-300x230.png 300w, https:\/\/nuriagomezgabriel.net\/wp-content\/uploads\/2026\/01\/Captura-de-pantalla-2026-01-29-a-las-21.48.34.png 1526w\" sizes=\"auto, (max-width: 300px) 100vw, 300px\" \/><\/p>\n<p data-start=\"58\" data-end=\"636\">En di\u00e1logo con Antonio G\u00f3mez Villar, presentamos la sesi\u00f3n <em data-start=\"114\" data-end=\"214\">Nuestro deseo no tiene nombre, nosotros tampoco. Pol\u00edticas de desidentidad y conciencia subalterna<\/em>, en el marco del ciclo <em data-start=\"238\" data-end=\"312\">Deseo poscapitalista. Deshacer el final: el curso que Fisher no imparti\u00f3<\/em> (21.01.2026\u201309.04.2026), comisariado por David Ca\u00f1o y Laure Vega en La Virreina Centre de la Imatge, y con la participaci\u00f3n de Clara Serra, Amador Fern\u00e1ndez-Savater, Joan Yago, Alberto Santamar\u00eda, Carolina Yuste, Marta Echaves, Alicia Vald\u00e9s, Laura Llevadot, Santiago L\u00f3pez-Petit y Marcelo Exp\u00f3sito.12 de febrero de 2026, 19 h \u00b7 Espai 4 \u00b7 La Virreina \u00b7 Entrada libre \u00b7 Aforo limitado \u00b7 <a href=\"https:\/\/ajuntament.barcelona.cat\/lavirreina\/es\/investigacion\/deseo-poscapitalista\/999\">Link para m\u00e1s informaci\u00f3n<\/a><\/p>\n<p><span style=\"font-size: 1.125rem;\">ENTREVISTAS Y RESE\u00d1AS<\/span><\/p>\n<p>\u00abLos mejores ensayos de 2025: las votaciones de nuestros cr\u00edticos\u00bb. Menci\u00f3n del ensayo <em>Traumacore. Cr\u00f3nicas de una disociaci\u00f3n feminist<\/em>a (Cielo Santo, 2023) entre los 10 ensayos m\u00e1s destacados por Germ\u00e1n Cano en El Cultural. 20 de diciembre 2025. <a href=\"https:\/\/www.elespanol.com\/el-cultural\/letras\/ensayo\/20251220\/mejores-ensayos-votaciones-criticos\/1003744060839_0.html\">Link<\/a><\/p>\n<p>\u00abUna plaga de polillas\u00bb. Menci\u00f3n del ensayo <em>Traumacore. Cr\u00f3nicas de una disociaci\u00f3n feminist<\/em>a (Cielo Santo, 2023) por Silvia Nanclares Escudero en el P\u00fablico. 17 de agosto de 2024. <a href=\"https:\/\/blogs.publico.es\/otrasmiradas\/86167\/una-plaga-de-polillas\/\">Link<\/a><\/p>\n<p>\u00ab&#8217;TRAUMACORE&#8217; VS. &#8216;NO DESITJAR\u00c0S ELS B\u00c9NS DEL PRO\u00cfSME&#8217;\u00bb. Review de <em>Traumacore. Cr\u00f3nicas de una disociaci\u00f3n feminist<\/em>a (Cielo Santo, 2023) por Itziar Feito y Carlos Acevedo en el blog de FINESTRES. 12 de julio de 2024. <a href=\"https:\/\/www.llibreriafinestres.com\/es\/recomendacion\/traumacore-vs-no-desitjaras-els-bens-del-proisme-2\/\">Link<\/a><\/p>\n<p>\u00abEn nuestro taller, un tweet o un post de Instagram est\u00e1n en el mismo nivel literario que un poemario editado y publicado en papel\u00bb. Entrevista por Clara Ferrer en ULTIMA HORA. 28 de junio de 2024. <a href=\"https:\/\/www.ultimahora.es\/noticias\/cultura\/2024\/06\/28\/2192433\/tweet-post-instagram-estan-mismo-nivel-literario-poemario-editado-publicado-papel.html\">Link<\/a><\/p>\n<p>\u00abLa disociaci\u00f3n feminista sirve para pensar un viaje de ida y vuelta\u00bb. Entrevista por Sara Plaza Serna en Pikara MAGAZINE. 22 de mayo de 2024. <a href=\"https:\/\/www.pikaramagazine.com\/2024\/05\/la-disociacion-feminista-sirve-para-pensar-un-viaje-de-ida-y-vuelta\/?format=pdf\">Link<\/a><\/p>\n<p>\u00abN\u00faria G\u00f3mez Gabriel &#8211; Cicatrices hechas comunidad\u00bb. Entrevista por Elsa Moreno en METAL MAGAZINE. 24 de abril de 2024. <a href=\"https:\/\/metalmagazine.eu\/es\/post\/nuria-gomez-gabriel-cicatrices-hechas-comunidad\">Link<\/a><\/p>\n<p>\u00abEl retorno de la mujer monstruo\u00bb. Menci\u00f3n de <em>Traumacore. Cr\u00f3nicas de una disociaci\u00f3n feminista<\/em> por Ingrid Guardiola en MERCURIO. 13 de abril de 2024. <a href=\"https:\/\/www.revistamercurio.es\/2024\/04\/13\/el-retorno-de-la-mujer-monstruo\/\">Link<\/a><\/p>\n<p>\u00abLa urgencia femenina de no tomarte esa pastilla\u00bb. Menci\u00f3n de <em>Traumacore. Cr\u00f3nicas de una disociaci\u00f3n feminista<\/em> por Noelia Ram\u00edrez en EL PA\u00cdS. 19 de marzo de 2024. <a href=\"https:\/\/www.revistamercurio.es\/2024\/04\/13\/el-retorno-de-la-mujer-monstruo\/\">Link<\/a><\/p>\n<p>\u00abN\u00faria G\u00f3mez Gabriel: \u00abA las milenials nos educaron a partir del feminismo optimista del bienestar neoliberal\u00bb\u00bb. Review de <em>Traumacore. Cr\u00f3nicas de una disociaci\u00f3n feminista<\/em> por Berta Coll en Diari ARA. 19 de marzo de 2024. <a href=\"https:\/\/es.ara.cat\/cultura\/leer\/traumacore-nuria-gomez-gabriel-denuncie-caso-acoso-jefe-recursos-humanos-cana_128_4972581.html\">Link<\/a><\/p>\n<p>\u00ab\u201cTraumacore. Cr\u00f3nicas de una disociaci\u00f3n feminista\u201d, N\u00faria G\u00f3mez Gabriel\u00bb. Entrevista por Marc Gir\u00f3 y Noelia Ram\u00edrez en Vost\u00e9 primer amb Marc Gir\u00f3 \u2013 Rac 1. 13 de marzo de 2024. <a href=\"https:\/\/www.rac1.cat\/a-la-carta\/detail\/73be48b6-a9b1-4e4e-ab06-b13200f465ac\">Link<\/a><\/p>\n<p>\u00abUna ferida fastigosa\u201d, N\u00faria G\u00f3mez Gabriel\u00bb. Review de <em>Traumacore. Cr\u00f3nicas de una disociaci\u00f3n feminist<\/em>a (Cielo Santo, 2023) por Laia Mauri Baraza en N\u00daVOL \u2013 Diari ARA. 21 de febrero de 2024. <a href=\"https:\/\/www.nuvol.com\/llibres\/assaig\/una-ferida-fastigosa-369499\">Link<\/a><\/p>\n<p>\u00abDisociadas\u00bb. Entrevista por Bego\u00f1a G\u00f3mez y Noelia Ram\u00edrez en motivo de la publicaci\u00f3n del ensayo <em>Traumacore. Cr\u00f3nicas de una disociaci\u00f3n feminist<\/em>a (Cielo Santo, 2023) en el\u00a0podcast <em>Amiga, Date Cuenta<\/em> de Radio Primavera Sound. 30 de enero de 2024. <a href=\"https:\/\/open.spotify.com\/episode\/5nfZo6jYNNmaPbcwug2kEW?si=0d3737fab44e4cff\">Link<\/a><\/p>\n<p>\u00abNeog\u00f3ticas: por qu\u00e9 el horror m\u00e1gico invade las narratives del trauma\u00bb. Rese\u00f1a de <em>Traumacore. Cr\u00f3nicas de una disociaci\u00f3n feminista<\/em> (Cielo Santo, 2023) y entrevista por Noelia Ram\u00edrez en El Pa\u00eds. 25 de enero de 2024. <a href=\"https:\/\/elpais.com\/cultura\/2024-01-25\/neogoticas-por-que-el-horror-magico-invade-las-narrativas-del-trauma.html\">Link<\/a><\/p>\n<p>\u00ab12 libros \u2018nicho\u2019 que abren conversaciones para un a\u00f1o de club de lectura muy gratificante\u00bb. Rese\u00f1a de <em>Traumacore. Cr\u00f3nicas de una disociaci\u00f3n feminista<\/em> (Cielo Santo, 2023) por Alba Correa en Vogue Spain. 2 de enero de 2024. <a href=\"https:\/\/www.vogue.es\/galerias\/libros-nicho-especiales-para-club-lectura-reflexion-conversacion\">Link<\/a><\/p>\n<p>\u00abLas llamas que amparan el fuego: LAS MALAS. In\u00e9ditos de La Casa Encendida\u00bb. Rese\u00f1a de la exposici\u00f3n colectiva LAS MALAS realizada en el marco del premio de comisariado In\u00e9ditos 2022, por Miguel Pardo en Beatburguer. 29 de junio de 2022. <a href=\"https:\/\/beatburguer.com\/las-llamas-que-amparan-el-fuego-las-malas-ineditos-de-la-casa-encendida\/\">Link<\/a><\/p>\n<p>\u00abCriaturas Vulnerables e In\u00e9ditos\u00bb. Entrevista por Mar\u00eda Taosa en GENERACI\u00d3N YA r\u00e0dio 3. 15 de junio de 2022. <a href=\"https:\/\/www.rtve.es\/play\/audios\/generacion-ya\/criaturas-vulnerables-ineditos-sexualidad-educacion\/6626836\/\">Link<\/a><\/p>\n<p>\u00abNarcohumanismo, una estimulante exposici\u00f3n. Entrevista a Eloy Fern\u00e1ndez Porta y N\u00faria G\u00f3mez Gabriel\u00bb por Fidel Moreno en C\u00e1\u00f1amo. Publicado originalmente en el n\u00famero 293 de la revista C\u00e1\u00f1amo Espa\u00f1a. <a href=\"https:\/\/canamo.net\/cultura\/arte\/narcohumanismo-una-estimulante-exposicion\">Link<\/a><\/p>\n<p>\u00ab\u2019Narcohumanisme\u2019, les drogues com a crossa del capitalisme\u00bb por Alexandre Roa Casellas en Bonart. 18 de mayo de 2022. <a href=\"https:\/\/www.bonart.cat\/ca\/n\/43227\/narcohumanisme-les-drogues-com-a-crossa-del-capitalisme\">Link<\/a><\/p>\n<p>\u00abEntrevista: N\u00faria G\u00f3mez Gabriel i Eloy Fern\u00e1ndez Porta \u2013 Narcohumanisme\u00bb por Girona FM. 11 de mayo de 2022. <a href=\"https:\/\/www.mixcloud.com\/gironafm\/entrevista-n\u00faria-g\u00f3mez-gabriel-i-eloy-fern\u00e1ndez-porta-narcohumanisme-110522\/\">Link<\/a><\/p>\n<p>\u00abLa qu\u00edmica de l\u2019entusiasme\u00bb por Eduald Camps en Diari de Girona. 14 de abril de 2022. <a href=\"https:\/\/www.diaridegirona.cat\/accents\/2022\/04\/14\/quimica-l-entusiasme-65001279.html\">Link<\/a><\/p>\n<p>\u00abNarcohumanisme amb N\u00faria G\u00f3mez Gabriel i Eloy Fern\u00e1ndez Porta\u00bb Entrevista por Samanta Villar en Avui Sortim de RTVE. 29 de marzo de 2022. <a href=\"https:\/\/www.rtve.es\/play\/audios\/avui-sortim\/avui-sortim-narcohumanisme-amb-nuria-gomez-gabriel-eloy-fernandez-porta\/6470138\/\">Link<\/a><\/p>\n<p>\u00abNarcocapitalismo: por qu\u00e9 el sistema nos necesita colocados y anestesiados\u00bb Rese\u00f1a\/ensayo a partir de exposici\u00f3n colectiva <em>Narcohumanismo. Farmacias y estupefacientes en las pr\u00e1cticas art\u00edsticas actuales <\/em>(B\u00f2lit, 2022), por Noealia Ram\u00edrez\u00a0 en El Pa\u00eds. 26 de marzo de 2022. <a href=\"https:\/\/elpais.com\/cultura\/2022-03-26\/narcocapitalismo-por-que-el-sistema-nos-necesita-colocados-y-anestesiados.html\">Link<\/a><\/p>\n<p>\u00abNarcohumanisme: les drogues com a evidencia de la nostra isufici\u00e8ncia\u00bb por N\u00faria Surrell en N\u00daVOL ara.cat. 14 de marzo de 2022. <a href=\"https:\/\/www.nuvol.com\/art\/narcohumanisme-les-drogues-com-a-evidencia-de-la-nostra-insuficiencia-241125\">Link<\/a><\/p>\n<p>\u00abArt i droga s&#8217;uneixen al B\u00f2lit. Les seus de la Rambla i el Pou Rod\u00f3 acullen a partir de dem\u00e0 \u2018Narcohumanisme\u2019, una exposici\u00f3 sobre l\u2019impacte dels estupefaents en els individus i les relacions socials i pol\u00edtiques\u00bb por Alba Carmona en Diari de Girona. 10 de marzo de 2022. <a href=\"https:\/\/www.diaridegirona.cat\/cultura\/2022\/03\/10\/art-i-droga-suneixen-bolit-63629551.html\">Link<\/a><\/p>\n<p>\u00abEl que pot un llibre #7\u00bb Conversaci\u00f3n con Anna Pahissa en el Museo de Arte Contempor\u00e1neo de Barcelona. 20 de noviembre de 2020. <a href=\"..\/Library\/Containers\/com.microsoft.Word\/Data\/Library\/Containers\/com.microsoft.Word\/Data\/Library\/Containers\/com.microsoft.Word\/Data\/Library\/Containers\/com.microsoft.Word\/Data\/Desktop\/%25C2%25BB\">Link<\/a><\/p>\n<p>\u00abEs el mercado, amigo: no culpes al destino de lo que te pasa por usar Tinder\u00bb, Entrevista por Sara Montero en cuartopoder.es. 10 de octubre de 2020. <a href=\"https:\/\/carabanchel.net\/es-el-mercado-amigo-no-culpes-al-destino-de-lo-que-te-pasa-por-usar-tinder\/\">Link<\/a><\/p>\n<p>\u00abTinder en tiempos de Covid. Di\u00e1logos en Red\u00bb Conversaci\u00f3n con Cristina Hern\u00e1ndez en La T\u00e9rmica Centro de Cultura Contempor\u00e1nea. 8 de octubre de 2020. <a href=\"https:\/\/www.facebook.com\/watch\/live\/?v=352966472574841&amp;ref=watch_permalink\">Link<\/a><\/p>\n<p>\u00abFoddie Love con N\u00faria G\u00f3mez Gabriel\u00bb. Entrevista del programa Equilibristas de Radio 3. 20 de enero de 2020. <a href=\"https:\/\/www.facebook.com\/watch\/?v=120819569157449\">Link<\/a><\/p>\n<p>\u00abLove me, Tinder: Qu\u00e8 s\u2019amaga darrera de l\u2019app de moda?\u00bb. Entrevista del programa El Mat\u00ed de Catalunya R\u00e0dio. 16 de septiembre de 2019. <a href=\"https:\/\/www.ccma.cat\/catradio\/alacarta\/el-mati-de-catalunya-radio\/love-me-tinder-que-samaga-darrere-de-lapp-de-moda\/audio\/1049016\/\">Link<\/a><\/p>\n<p>\u00abLs felicidad en Tinder es el nuevo porno. Patrones sentimentales exhibidos en la red\u00bb. Entrevista por Celia Blanco la SER. 3 de noviembre de 2019. <a href=\"https:\/\/cadenaser.com\/programa\/2019\/11\/03\/contigo_dentro\/1572809261_057522.html\">Link<\/a><\/p>\n","protected":false},"excerpt":{"rendered":"<p>CV\u00a0 CLIPPING FOTO \ud83e\udd40 \u00a9Daniel Cao FOTO \ud83e\udd40\ud83e\udd40 @Llu\u00edsTudela Rese\u00f1a biobibliogr\u00e1fica N\u00faria G\u00f3mez Gabriel (1987) es escritora, investigadora cultural y comisaria de arte contempor\u00e1neo. Su pr\u00e1ctica articula relaciones entre feminismo, espectralidad y paisajes afectivos del presente desde una mirada que combina pensamiento cr\u00edtico y sensibilidad po\u00e9tica. Es autora de los ensayos Love Me Tinder (Temas &hellip; <a href=\"https:\/\/nuriagomezgabriel.net\/index.php\/info\/\">Continued<\/a><\/p>\n","protected":false},"author":1,"featured_media":0,"parent":0,"menu_order":0,"comment_status":"closed","ping_status":"closed","template":"template-info.php","meta":{"_acf_changed":false,"footnotes":""},"class_list":["post-23","page","type-page","status-publish","hentry"],"acf":[],"_links":{"self":[{"href":"https:\/\/nuriagomezgabriel.net\/index.php\/wp-json\/wp\/v2\/pages\/23","targetHints":{"allow":["GET"]}}],"collection":[{"href":"https:\/\/nuriagomezgabriel.net\/index.php\/wp-json\/wp\/v2\/pages"}],"about":[{"href":"https:\/\/nuriagomezgabriel.net\/index.php\/wp-json\/wp\/v2\/types\/page"}],"author":[{"embeddable":true,"href":"https:\/\/nuriagomezgabriel.net\/index.php\/wp-json\/wp\/v2\/users\/1"}],"replies":[{"embeddable":true,"href":"https:\/\/nuriagomezgabriel.net\/index.php\/wp-json\/wp\/v2\/comments?post=23"}],"version-history":[{"count":109,"href":"https:\/\/nuriagomezgabriel.net\/index.php\/wp-json\/wp\/v2\/pages\/23\/revisions"}],"predecessor-version":[{"id":4663,"href":"https:\/\/nuriagomezgabriel.net\/index.php\/wp-json\/wp\/v2\/pages\/23\/revisions\/4663"}],"wp:attachment":[{"href":"https:\/\/nuriagomezgabriel.net\/index.php\/wp-json\/wp\/v2\/media?parent=23"}],"curies":[{"name":"wp","href":"https:\/\/api.w.org\/{rel}","templated":true}]}}